{"id":99,"date":"2024-05-22T01:19:52","date_gmt":"2024-05-22T01:19:52","guid":{"rendered":"http:\/\/localhost\/almademexico\/about\/"},"modified":"2024-12-16T00:35:34","modified_gmt":"2024-12-16T00:35:34","slug":"quienes_somos","status":"publish","type":"page","link":"https:\/\/www.casatequileraalmademexico.com\/?page_id=99","title":{"rendered":"Qui\u00e9nes Somos"},"content":{"rendered":"\t\t<div data-elementor-type=\"wp-page\" data-elementor-id=\"99\" class=\"elementor elementor-99\" data-elementor-post-type=\"page\">\n\t\t\t\t<div class=\"elementor-element elementor-element-72ccd0f e-con-full e-flex e-con e-parent\" data-id=\"72ccd0f\" data-element_type=\"container\">\n\t\t<div class=\"elementor-element elementor-element-ae47933 e-con-full e-flex e-con e-child\" data-id=\"ae47933\" data-element_type=\"container\" data-settings=\"{&quot;background_background&quot;:&quot;classic&quot;}\">\n\t\t\t\t<div class=\"elementor-element elementor-element-1e2b0dd elementor-cta--skin-cover elementor-widget elementor-widget-call-to-action\" data-id=\"1e2b0dd\" data-element_type=\"widget\" data-widget_type=\"call-to-action.default\">\n\t\t\t\t<div class=\"elementor-widget-container\">\n\t\t\t<link rel=\"stylesheet\" href=\"https:\/\/www.casatequileraalmademexico.com\/wp-content\/plugins\/elementor-pro\/assets\/css\/widget-call-to-action.min.css\">\t\t<div class=\"elementor-cta\">\n\t\t\t\t\t<div class=\"elementor-cta__bg-wrapper\">\n\t\t\t\t<div class=\"elementor-cta__bg elementor-bg\" style=\"background-image: url();\" role=\"img\" aria-label=\"\"><\/div>\n\t\t\t\t<div class=\"elementor-cta__bg-overlay\"><\/div>\n\t\t\t<\/div>\n\t\t\t\t\t\t\t<div class=\"elementor-cta__content\">\n\t\t\t\t\n\t\t\t\t\t\t\t\t\t<h1 class=\"elementor-cta__title elementor-cta__content-item elementor-content-item\">\n\t\t\t\t\t\tQui\u00e9nes somos\t\t\t\t\t<\/h1>\n\t\t\t\t\n\t\t\t\t\t\t\t\t\t<div class=\"elementor-cta__description elementor-cta__content-item elementor-content-item\">\n\t\t\t\t\t\tDedicados a preservar la autenticidad y riqueza de la tradici\u00f3n tequilera, Casa Tequilera Alma de M\u00e9xico <br> combina procesos artesanales con innovaci\u00f3n para crear tequilas de calidad excepcional.\t\t\t\t\t<\/div>\n\t\t\t\t\n\t\t\t\t\t\t\t<\/div>\n\t\t\t\t\t\t<\/div>\n\t\t\t\t<\/div>\n\t\t\t\t<\/div>\n\t\t\t\t<\/div>\n\t\t\t\t<\/div>\n\t\t<div class=\"elementor-element elementor-element-a2621ac e-con-full e-flex e-con e-parent\" data-id=\"a2621ac\" data-element_type=\"container\">\n\t\t<div class=\"elementor-element elementor-element-54b252b e-con-full e-flex e-con e-child\" data-id=\"54b252b\" data-element_type=\"container\" data-settings=\"{&quot;background_background&quot;:&quot;classic&quot;}\">\n\t\t<div class=\"elementor-element elementor-element-978fe8c e-con-full e-flex e-con e-child\" data-id=\"978fe8c\" data-element_type=\"container\">\n\t\t<div class=\"elementor-element elementor-element-93fdbea e-con-full e-flex e-con e-child\" data-id=\"93fdbea\" data-element_type=\"container\" data-settings=\"{&quot;background_background&quot;:&quot;classic&quot;}\">\n\t\t\t\t<div class=\"elementor-element elementor-element-6afb541 elementor-widget elementor-widget-image\" data-id=\"6afb541\" data-element_type=\"widget\" data-widget_type=\"image.default\">\n\t\t\t\t<div class=\"elementor-widget-container\">\n\t\t\t<style>\/*! elementor - v3.21.0 - 25-04-2024 *\/\n.elementor-widget-image{text-align:center}.elementor-widget-image a{display:inline-block}.elementor-widget-image a img[src$=\".svg\"]{width:48px}.elementor-widget-image img{vertical-align:middle;display:inline-block}<\/style>\t\t\t\t\t\t\t\t\t\t<img decoding=\"async\" width=\"153\" height=\"8\" src=\"https:\/\/www.casatequileraalmademexico.com\/wp-content\/uploads\/2024\/06\/Lazo_sin-fondo.webp\" class=\"attachment-large size-large wp-image-413\" alt=\"\" srcset=\"https:\/\/www.casatequileraalmademexico.com\/wp-content\/uploads\/2024\/06\/Lazo_sin-fondo.webp 153w, https:\/\/www.casatequileraalmademexico.com\/wp-content\/uploads\/2024\/06\/Lazo_sin-fondo-150x8.webp 150w\" sizes=\"(max-width: 153px) 100vw, 153px\" \/>\t\t\t\t\t\t\t\t\t\t\t\t\t<\/div>\n\t\t\t\t<\/div>\n\t\t\t\t<div class=\"elementor-element elementor-element-ece1842 elementor-cta--skin-cover elementor-widget elementor-widget-call-to-action\" data-id=\"ece1842\" data-element_type=\"widget\" data-widget_type=\"call-to-action.default\">\n\t\t\t\t<div class=\"elementor-widget-container\">\n\t\t\t\t\t<div class=\"elementor-cta\">\n\t\t\t\t\t<div class=\"elementor-cta__bg-wrapper\">\n\t\t\t\t<div class=\"elementor-cta__bg elementor-bg\" style=\"background-image: url();\" role=\"img\" aria-label=\"\"><\/div>\n\t\t\t\t<div class=\"elementor-cta__bg-overlay\"><\/div>\n\t\t\t<\/div>\n\t\t\t\t\t\t\t<div class=\"elementor-cta__content\">\n\t\t\t\t\n\t\t\t\t\t\t\t\t\t<h3 class=\"elementor-cta__title elementor-cta__content-item elementor-content-item\">\n\t\t\t\t\t\tQui\u00e9nes Somos\t\t\t\t\t<\/h3>\n\t\t\t\t\n\t\t\t\t\t\t\t\t\t<div class=\"elementor-cta__description elementor-cta__content-item elementor-content-item\">\n\t\t\t\t\t\tUna empresa dedicada a la producci\u00f3n de tequila a trav\u00e9s del perfeccionamiento de un proceso cuidadoso, basado en la calidad y preservando la esencia aut\u00e9ntica de M\u00e9xico, que en cada sorbo brinda un extraordinario aroma y sabor que se entrelazan con la riqueza de la\ntradici\u00f3n tequilera.\t\t\t\t\t<\/div>\n\t\t\t\t\n\t\t\t\t\t\t\t<\/div>\n\t\t\t\t\t\t<\/div>\n\t\t\t\t<\/div>\n\t\t\t\t<\/div>\n\t\t\t\t<\/div>\n\t\t\t\t<\/div>\n\t\t\t\t<\/div>\n\t\t\t\t<\/div>\n\t\t<div class=\"elementor-element elementor-element-79b08ef e-con-full e-flex e-con e-parent\" data-id=\"79b08ef\" data-element_type=\"container\">\n\t\t<div class=\"elementor-element elementor-element-a27f1cc e-con-full e-flex elementor-invisible e-con e-child\" data-id=\"a27f1cc\" data-element_type=\"container\" data-settings=\"{&quot;background_background&quot;:&quot;classic&quot;,&quot;animation&quot;:&quot;fadeInLeft&quot;}\">\n\t\t\t\t<div class=\"elementor-element elementor-element-0547d7b elementor-widget elementor-widget-spacer\" data-id=\"0547d7b\" data-element_type=\"widget\" data-widget_type=\"spacer.default\">\n\t\t\t\t<div class=\"elementor-widget-container\">\n\t\t\t<style>\/*! elementor - v3.21.0 - 25-04-2024 *\/\n.elementor-column .elementor-spacer-inner{height:var(--spacer-size)}.e-con{--container-widget-width:100%}.e-con-inner>.elementor-widget-spacer,.e-con>.elementor-widget-spacer{width:var(--container-widget-width,var(--spacer-size));--align-self:var(--container-widget-align-self,initial);--flex-shrink:0}.e-con-inner>.elementor-widget-spacer>.elementor-widget-container,.e-con>.elementor-widget-spacer>.elementor-widget-container{height:100%;width:100%}.e-con-inner>.elementor-widget-spacer>.elementor-widget-container>.elementor-spacer,.e-con>.elementor-widget-spacer>.elementor-widget-container>.elementor-spacer{height:100%}.e-con-inner>.elementor-widget-spacer>.elementor-widget-container>.elementor-spacer>.elementor-spacer-inner,.e-con>.elementor-widget-spacer>.elementor-widget-container>.elementor-spacer>.elementor-spacer-inner{height:var(--container-widget-height,var(--spacer-size))}.e-con-inner>.elementor-widget-spacer.elementor-widget-empty,.e-con>.elementor-widget-spacer.elementor-widget-empty{position:relative;min-height:22px;min-width:22px}.e-con-inner>.elementor-widget-spacer.elementor-widget-empty .elementor-widget-empty-icon,.e-con>.elementor-widget-spacer.elementor-widget-empty .elementor-widget-empty-icon{position:absolute;top:0;bottom:0;left:0;right:0;margin:auto;padding:0;width:22px;height:22px}<\/style>\t\t<div class=\"elementor-spacer\">\n\t\t\t<div class=\"elementor-spacer-inner\"><\/div>\n\t\t<\/div>\n\t\t\t\t<\/div>\n\t\t\t\t<\/div>\n\t\t\t\t<\/div>\n\t\t<div class=\"elementor-element elementor-element-fa33e2b e-con-full e-flex elementor-invisible e-con e-child\" data-id=\"fa33e2b\" data-element_type=\"container\" data-settings=\"{&quot;background_background&quot;:&quot;classic&quot;,&quot;animation&quot;:&quot;fadeInRight&quot;}\">\n\t\t\t\t<div class=\"elementor-element elementor-element-4aa5ca2 elementor-widget elementor-widget-image\" data-id=\"4aa5ca2\" data-element_type=\"widget\" data-widget_type=\"image.default\">\n\t\t\t\t<div class=\"elementor-widget-container\">\n\t\t\t\t\t\t\t\t\t\t\t\t\t<img decoding=\"async\" width=\"153\" height=\"8\" src=\"https:\/\/www.casatequileraalmademexico.com\/wp-content\/uploads\/2024\/06\/Lazo_sin-fondo.webp\" class=\"attachment-large size-large wp-image-413\" alt=\"\" srcset=\"https:\/\/www.casatequileraalmademexico.com\/wp-content\/uploads\/2024\/06\/Lazo_sin-fondo.webp 153w, https:\/\/www.casatequileraalmademexico.com\/wp-content\/uploads\/2024\/06\/Lazo_sin-fondo-150x8.webp 150w\" sizes=\"(max-width: 153px) 100vw, 153px\" \/>\t\t\t\t\t\t\t\t\t\t\t\t\t<\/div>\n\t\t\t\t<\/div>\n\t\t\t\t<div class=\"elementor-element elementor-element-5b3042b elementor-widget elementor-widget-heading\" data-id=\"5b3042b\" data-element_type=\"widget\" data-widget_type=\"heading.default\">\n\t\t\t\t<div class=\"elementor-widget-container\">\n\t\t\t<style>\/*! elementor - v3.21.0 - 25-04-2024 *\/\n.elementor-heading-title{padding:0;margin:0;line-height:1}.elementor-widget-heading .elementor-heading-title[class*=elementor-size-]>a{color:inherit;font-size:inherit;line-height:inherit}.elementor-widget-heading .elementor-heading-title.elementor-size-small{font-size:15px}.elementor-widget-heading .elementor-heading-title.elementor-size-medium{font-size:19px}.elementor-widget-heading .elementor-heading-title.elementor-size-large{font-size:29px}.elementor-widget-heading .elementor-heading-title.elementor-size-xl{font-size:39px}.elementor-widget-heading .elementor-heading-title.elementor-size-xxl{font-size:59px}<\/style><h3 class=\"elementor-heading-title elementor-size-default\">Misi\u00f3n<\/h3>\t\t<\/div>\n\t\t\t\t<\/div>\n\t\t\t\t<div class=\"elementor-element elementor-element-e3f6f85 elementor-widget elementor-widget-text-editor\" data-id=\"e3f6f85\" data-element_type=\"widget\" data-widget_type=\"text-editor.default\">\n\t\t\t\t<div class=\"elementor-widget-container\">\n\t\t\t<style>\/*! elementor - v3.21.0 - 25-04-2024 *\/\n.elementor-widget-text-editor.elementor-drop-cap-view-stacked .elementor-drop-cap{background-color:#69727d;color:#fff}.elementor-widget-text-editor.elementor-drop-cap-view-framed .elementor-drop-cap{color:#69727d;border:3px solid;background-color:transparent}.elementor-widget-text-editor:not(.elementor-drop-cap-view-default) .elementor-drop-cap{margin-top:8px}.elementor-widget-text-editor:not(.elementor-drop-cap-view-default) .elementor-drop-cap-letter{width:1em;height:1em}.elementor-widget-text-editor .elementor-drop-cap{float:left;text-align:center;line-height:1;font-size:50px}.elementor-widget-text-editor .elementor-drop-cap-letter{display:inline-block}<\/style>\t\t\t\t<p>Producir y comercializar tequila 100% de agave de alta calidad, manteniendo<br \/>nuestros procesos con la mejor innovaci\u00f3n, sin perder nuestra esencia y trascendiendo en la industria tequilera.<\/p>\t\t\t\t\t\t<\/div>\n\t\t\t\t<\/div>\n\t\t\t\t<div class=\"elementor-element elementor-element-c6c1b77 elementor-widget elementor-widget-image\" data-id=\"c6c1b77\" data-element_type=\"widget\" data-widget_type=\"image.default\">\n\t\t\t\t<div class=\"elementor-widget-container\">\n\t\t\t\t\t\t\t\t\t\t\t\t\t<img decoding=\"async\" width=\"153\" height=\"8\" src=\"https:\/\/www.casatequileraalmademexico.com\/wp-content\/uploads\/2024\/06\/Lazo_sin-fondo.webp\" class=\"attachment-large size-large wp-image-413\" alt=\"\" srcset=\"https:\/\/www.casatequileraalmademexico.com\/wp-content\/uploads\/2024\/06\/Lazo_sin-fondo.webp 153w, https:\/\/www.casatequileraalmademexico.com\/wp-content\/uploads\/2024\/06\/Lazo_sin-fondo-150x8.webp 150w\" sizes=\"(max-width: 153px) 100vw, 153px\" \/>\t\t\t\t\t\t\t\t\t\t\t\t\t<\/div>\n\t\t\t\t<\/div>\n\t\t\t\t<div class=\"elementor-element elementor-element-7710e39 elementor-widget elementor-widget-heading\" data-id=\"7710e39\" data-element_type=\"widget\" data-widget_type=\"heading.default\">\n\t\t\t\t<div class=\"elementor-widget-container\">\n\t\t\t<h3 class=\"elementor-heading-title elementor-size-default\">Visi\u00f3n<\/h3>\t\t<\/div>\n\t\t\t\t<\/div>\n\t\t\t\t<div class=\"elementor-element elementor-element-1292810 elementor-widget elementor-widget-text-editor\" data-id=\"1292810\" data-element_type=\"widget\" data-widget_type=\"text-editor.default\">\n\t\t\t\t<div class=\"elementor-widget-container\">\n\t\t\t\t\t\t\t<p>Ser una empresa l\u00edder en la industria, reconocida por su excelencia en la producci\u00f3n, reflejando la calidad humana, innovaci\u00f3n constante y compromiso con la sostenibilidad, enfocado en atender las necesidades de nuestros clientes y consumidores.<\/p>\t\t\t\t\t\t<\/div>\n\t\t\t\t<\/div>\n\t\t\t\t<\/div>\n\t\t\t\t<\/div>\n\t\t<div class=\"elementor-element elementor-element-02538a4 e-con-full e-flex e-con e-parent\" data-id=\"02538a4\" data-element_type=\"container\">\n\t\t<div class=\"elementor-element elementor-element-e962b8e e-con-full e-flex e-con e-child\" data-id=\"e962b8e\" data-element_type=\"container\" data-settings=\"{&quot;background_background&quot;:&quot;classic&quot;}\">\n\t\t<div class=\"elementor-element elementor-element-bbf42d0 e-con-full e-flex e-con e-child\" data-id=\"bbf42d0\" data-element_type=\"container\" data-settings=\"{&quot;background_background&quot;:&quot;classic&quot;}\">\n\t\t\t\t<div class=\"elementor-element elementor-element-b3b05f4 elementor-widget elementor-widget-image\" data-id=\"b3b05f4\" data-element_type=\"widget\" data-widget_type=\"image.default\">\n\t\t\t\t<div class=\"elementor-widget-container\">\n\t\t\t\t\t\t\t\t\t\t\t\t\t<img decoding=\"async\" width=\"153\" height=\"8\" src=\"https:\/\/www.casatequileraalmademexico.com\/wp-content\/uploads\/2024\/06\/Lazo_sin-fondo.webp\" class=\"attachment-large size-large wp-image-413\" alt=\"\" srcset=\"https:\/\/www.casatequileraalmademexico.com\/wp-content\/uploads\/2024\/06\/Lazo_sin-fondo.webp 153w, https:\/\/www.casatequileraalmademexico.com\/wp-content\/uploads\/2024\/06\/Lazo_sin-fondo-150x8.webp 150w\" sizes=\"(max-width: 153px) 100vw, 153px\" \/>\t\t\t\t\t\t\t\t\t\t\t\t\t<\/div>\n\t\t\t\t<\/div>\n\t\t\t\t<div class=\"elementor-element elementor-element-07de48d elementor-cta--skin-cover elementor-cta--valign-top elementor-widget elementor-widget-call-to-action\" data-id=\"07de48d\" data-element_type=\"widget\" data-widget_type=\"call-to-action.default\">\n\t\t\t\t<div class=\"elementor-widget-container\">\n\t\t\t\t\t<div class=\"elementor-cta\">\n\t\t\t\t\t<div class=\"elementor-cta__bg-wrapper\">\n\t\t\t\t<div class=\"elementor-cta__bg elementor-bg\" style=\"background-image: url();\" role=\"img\" aria-label=\"\"><\/div>\n\t\t\t\t<div class=\"elementor-cta__bg-overlay\"><\/div>\n\t\t\t<\/div>\n\t\t\t\t\t\t\t<div class=\"elementor-cta__content\">\n\t\t\t\t\n\t\t\t\t\t\t\t\t\t<h3 class=\"elementor-cta__title elementor-cta__content-item elementor-content-item\">\n\t\t\t\t\t\tFilosof\u00eda\t\t\t\t\t<\/h3>\n\t\t\t\t\n\t\t\t\t\t\t\t\t\t<div class=\"elementor-cta__description elementor-cta__content-item elementor-content-item\">\n\t\t\t\t\t\tNuestra pasi\u00f3n por crear tequila excepcional se\nfusiona con nuestro firme compromiso hacia la\nsostenibilidad tanto ambiental como social.\t\t\t\t\t<\/div>\n\t\t\t\t\n\t\t\t\t\t\t\t<\/div>\n\t\t\t\t\t\t<\/div>\n\t\t\t\t<\/div>\n\t\t\t\t<\/div>\n\t\t\t\t<div class=\"elementor-element elementor-element-8fd595d elementor-widget elementor-widget-image\" data-id=\"8fd595d\" data-element_type=\"widget\" data-widget_type=\"image.default\">\n\t\t\t\t<div class=\"elementor-widget-container\">\n\t\t\t\t\t\t\t\t\t\t\t\t\t<img decoding=\"async\" width=\"153\" height=\"8\" src=\"https:\/\/www.casatequileraalmademexico.com\/wp-content\/uploads\/2024\/06\/Lazo_sin-fondo.webp\" class=\"attachment-large size-large wp-image-413\" alt=\"\" srcset=\"https:\/\/www.casatequileraalmademexico.com\/wp-content\/uploads\/2024\/06\/Lazo_sin-fondo.webp 153w, https:\/\/www.casatequileraalmademexico.com\/wp-content\/uploads\/2024\/06\/Lazo_sin-fondo-150x8.webp 150w\" sizes=\"(max-width: 153px) 100vw, 153px\" \/>\t\t\t\t\t\t\t\t\t\t\t\t\t<\/div>\n\t\t\t\t<\/div>\n\t\t\t\t<div class=\"elementor-element elementor-element-ebbaf40 elementor-cta--skin-cover elementor-cta--valign-top elementor-widget elementor-widget-call-to-action\" data-id=\"ebbaf40\" data-element_type=\"widget\" data-widget_type=\"call-to-action.default\">\n\t\t\t\t<div class=\"elementor-widget-container\">\n\t\t\t\t\t<div class=\"elementor-cta\">\n\t\t\t\t\t<div class=\"elementor-cta__bg-wrapper\">\n\t\t\t\t<div class=\"elementor-cta__bg elementor-bg\" style=\"background-image: url();\" role=\"img\" aria-label=\"\"><\/div>\n\t\t\t\t<div class=\"elementor-cta__bg-overlay\"><\/div>\n\t\t\t<\/div>\n\t\t\t\t\t\t\t<div class=\"elementor-cta__content\">\n\t\t\t\t\n\t\t\t\t\t\t\t\t\t<h3 class=\"elementor-cta__title elementor-cta__content-item elementor-content-item\">\n\t\t\t\t\t\tValores\t\t\t\t\t<\/h3>\n\t\t\t\t\n\t\t\t\t\t\t\t\t\t<div class=\"elementor-cta__description elementor-cta__content-item elementor-content-item\">\n\t\t\t\t\t\t-Calidad Humana <br>\n-Compromiso<br>\n-Honestidad<br>\n-Trabajo en equipo<br> -Respeto.\t\t\t\t\t<\/div>\n\t\t\t\t\n\t\t\t\t\t\t\t<\/div>\n\t\t\t\t\t\t<\/div>\n\t\t\t\t<\/div>\n\t\t\t\t<\/div>\n\t\t\t\t<\/div>\n\t\t\t\t<\/div>\n\t\t\t\t<\/div>\n\t\t\t\t<\/div>\n\t\t","protected":false},"excerpt":{"rendered":"<p>Qui\u00e9nes somos Dedicados a preservar la autenticidad y riqueza de la tradici\u00f3n tequilera, Casa Tequilera Alma de M\u00e9xico combina procesos artesanales con innovaci\u00f3n para crear tequilas de calidad excepcional. Qui\u00e9nes Somos Una empresa dedicada a la producci\u00f3n de tequila a trav\u00e9s del perfeccionamiento de un proceso cuidadoso, basado en la calidad y preservando la esencia [&hellip;]<\/p>\n","protected":false},"author":1,"featured_media":304,"parent":0,"menu_order":0,"comment_status":"closed","ping_status":"closed","template":"elementor_header_footer","meta":{"footnotes":""},"class_list":["post-99","page","type-page","status-publish","has-post-thumbnail","hentry"],"_links":{"self":[{"href":"https:\/\/www.casatequileraalmademexico.com\/index.php?rest_route=\/wp\/v2\/pages\/99","targetHints":{"allow":["GET"]}}],"collection":[{"href":"https:\/\/www.casatequileraalmademexico.com\/index.php?rest_route=\/wp\/v2\/pages"}],"about":[{"href":"https:\/\/www.casatequileraalmademexico.com\/index.php?rest_route=\/wp\/v2\/types\/page"}],"author":[{"embeddable":true,"href":"https:\/\/www.casatequileraalmademexico.com\/index.php?rest_route=\/wp\/v2\/users\/1"}],"replies":[{"embeddable":true,"href":"https:\/\/www.casatequileraalmademexico.com\/index.php?rest_route=%2Fwp%2Fv2%2Fcomments&post=99"}],"version-history":[{"count":95,"href":"https:\/\/www.casatequileraalmademexico.com\/index.php?rest_route=\/wp\/v2\/pages\/99\/revisions"}],"predecessor-version":[{"id":1095,"href":"https:\/\/www.casatequileraalmademexico.com\/index.php?rest_route=\/wp\/v2\/pages\/99\/revisions\/1095"}],"wp:featuredmedia":[{"embeddable":true,"href":"https:\/\/www.casatequileraalmademexico.com\/index.php?rest_route=\/wp\/v2\/media\/304"}],"wp:attachment":[{"href":"https:\/\/www.casatequileraalmademexico.com\/index.php?rest_route=%2Fwp%2Fv2%2Fmedia&parent=99"}],"curies":[{"name":"wp","href":"https:\/\/api.w.org\/{rel}","templated":true}]}}