{"id":71,"date":"2024-05-22T01:19:40","date_gmt":"2024-05-22T01:19:40","guid":{"rendered":"http:\/\/localhost\/almademexico\/sale\/"},"modified":"2024-11-22T19:16:18","modified_gmt":"2024-11-22T19:16:18","slug":"servicios","status":"publish","type":"page","link":"https:\/\/www.casatequileraalmademexico.com\/?page_id=71","title":{"rendered":"Servicios"},"content":{"rendered":"\t\t<div data-elementor-type=\"wp-page\" data-elementor-id=\"71\" class=\"elementor elementor-71\" data-elementor-post-type=\"page\">\n\t\t\t\t<div class=\"elementor-element elementor-element-23ae9bb e-flex e-con-boxed e-con e-parent\" data-id=\"23ae9bb\" data-element_type=\"container\" data-settings=\"{&quot;background_background&quot;:&quot;classic&quot;}\">\n\t\t\t\t\t<div class=\"e-con-inner\">\n\t\t<div class=\"elementor-element elementor-element-1fd7f48 e-con-full e-flex e-con e-child\" data-id=\"1fd7f48\" data-element_type=\"container\">\n\t\t\t\t<div class=\"elementor-element elementor-element-85c3ed7 elementor-widget elementor-widget-heading\" data-id=\"85c3ed7\" data-element_type=\"widget\" data-widget_type=\"heading.default\">\n\t\t\t\t<div class=\"elementor-widget-container\">\n\t\t\t<style>\/*! elementor - v3.21.0 - 25-04-2024 *\/\n.elementor-heading-title{padding:0;margin:0;line-height:1}.elementor-widget-heading .elementor-heading-title[class*=elementor-size-]>a{color:inherit;font-size:inherit;line-height:inherit}.elementor-widget-heading .elementor-heading-title.elementor-size-small{font-size:15px}.elementor-widget-heading .elementor-heading-title.elementor-size-medium{font-size:19px}.elementor-widget-heading .elementor-heading-title.elementor-size-large{font-size:29px}.elementor-widget-heading .elementor-heading-title.elementor-size-xl{font-size:39px}.elementor-widget-heading .elementor-heading-title.elementor-size-xxl{font-size:59px}<\/style><h1 class=\"elementor-heading-title elementor-size-default\">Servicios<\/h1>\t\t<\/div>\n\t\t\t\t<\/div>\n\t\t\t\t<div class=\"elementor-element elementor-element-265dcb7 elementor-widget elementor-widget-text-editor\" data-id=\"265dcb7\" data-element_type=\"widget\" data-widget_type=\"text-editor.default\">\n\t\t\t\t<div class=\"elementor-widget-container\">\n\t\t\t<style>\/*! elementor - v3.21.0 - 25-04-2024 *\/\n.elementor-widget-text-editor.elementor-drop-cap-view-stacked .elementor-drop-cap{background-color:#69727d;color:#fff}.elementor-widget-text-editor.elementor-drop-cap-view-framed .elementor-drop-cap{color:#69727d;border:3px solid;background-color:transparent}.elementor-widget-text-editor:not(.elementor-drop-cap-view-default) .elementor-drop-cap{margin-top:8px}.elementor-widget-text-editor:not(.elementor-drop-cap-view-default) .elementor-drop-cap-letter{width:1em;height:1em}.elementor-widget-text-editor .elementor-drop-cap{float:left;text-align:center;line-height:1;font-size:50px}.elementor-widget-text-editor .elementor-drop-cap-letter{display:inline-block}<\/style>\t\t\t\t<p>En Casa Tequilera Alma de M\u00e9xico, combinamos tradici\u00f3n y modernidad para ofrecer productos que cumplen con los m\u00e1s altos est\u00e1ndares de calidad y sostenibilidad.<\/p>\t\t\t\t\t\t<\/div>\n\t\t\t\t<\/div>\n\t\t\t\t<\/div>\n\t\t\t\t\t<\/div>\n\t\t\t\t<\/div>\n\t\t<div class=\"elementor-element elementor-element-3e73f2f e-flex e-con-boxed e-con e-parent\" data-id=\"3e73f2f\" data-element_type=\"container\">\n\t\t\t\t\t<div class=\"e-con-inner\">\n\t\t<div class=\"elementor-element elementor-element-f0c4ea2 e-flex e-con-boxed e-con e-child\" data-id=\"f0c4ea2\" data-element_type=\"container\">\n\t\t\t\t\t<div class=\"e-con-inner\">\n\t\t\t\t<div class=\"elementor-element elementor-element-104a5de elementor-widget elementor-widget-image\" data-id=\"104a5de\" data-element_type=\"widget\" data-widget_type=\"image.default\">\n\t\t\t\t<div class=\"elementor-widget-container\">\n\t\t\t<style>\/*! elementor - v3.21.0 - 25-04-2024 *\/\n.elementor-widget-image{text-align:center}.elementor-widget-image a{display:inline-block}.elementor-widget-image a img[src$=\".svg\"]{width:48px}.elementor-widget-image img{vertical-align:middle;display:inline-block}<\/style>\t\t\t\t\t\t\t\t\t\t\t<a href=\"#maquila\">\n\t\t\t\t\t\t\t<img fetchpriority=\"high\" decoding=\"async\" width=\"450\" height=\"305\" src=\"https:\/\/www.casatequileraalmademexico.com\/wp-content\/uploads\/2024\/05\/Servicios_01.webp\" class=\"elementor-animation-float attachment-large size-large wp-image-343\" alt=\"\" srcset=\"https:\/\/www.casatequileraalmademexico.com\/wp-content\/uploads\/2024\/05\/Servicios_01.webp 450w, https:\/\/www.casatequileraalmademexico.com\/wp-content\/uploads\/2024\/05\/Servicios_01-300x203.webp 300w\" sizes=\"(max-width: 450px) 100vw, 450px\" \/>\t\t\t\t\t\t\t\t<\/a>\n\t\t\t\t\t\t\t\t\t\t\t\t\t<\/div>\n\t\t\t\t<\/div>\n\t\t\t\t<div class=\"elementor-element elementor-element-f4bcf07 elementor-widget elementor-widget-heading\" data-id=\"f4bcf07\" data-element_type=\"widget\" data-widget_type=\"heading.default\">\n\t\t\t\t<div class=\"elementor-widget-container\">\n\t\t\t<h2 class=\"elementor-heading-title elementor-size-default\">Maquila de Tequila<\/h2>\t\t<\/div>\n\t\t\t\t<\/div>\n\t\t\t\t\t<\/div>\n\t\t\t\t<\/div>\n\t\t<div class=\"elementor-element elementor-element-18973e0 e-flex e-con-boxed e-con e-child\" data-id=\"18973e0\" data-element_type=\"container\">\n\t\t\t\t\t<div class=\"e-con-inner\">\n\t\t\t\t<div class=\"elementor-element elementor-element-ef06191 elementor-widget elementor-widget-image\" data-id=\"ef06191\" data-element_type=\"widget\" data-widget_type=\"image.default\">\n\t\t\t\t<div class=\"elementor-widget-container\">\n\t\t\t\t\t\t\t\t\t\t\t\t\t\t<a href=\"#productos\">\n\t\t\t\t\t\t\t<img decoding=\"async\" width=\"450\" height=\"305\" src=\"https:\/\/www.casatequileraalmademexico.com\/wp-content\/uploads\/2024\/05\/Servicios_02.webp\" class=\"elementor-animation-float attachment-large size-large wp-image-344\" alt=\"\" srcset=\"https:\/\/www.casatequileraalmademexico.com\/wp-content\/uploads\/2024\/05\/Servicios_02.webp 450w, https:\/\/www.casatequileraalmademexico.com\/wp-content\/uploads\/2024\/05\/Servicios_02-300x203.webp 300w\" sizes=\"(max-width: 450px) 100vw, 450px\" \/>\t\t\t\t\t\t\t\t<\/a>\n\t\t\t\t\t\t\t\t\t\t\t\t\t<\/div>\n\t\t\t\t<\/div>\n\t\t\t\t<div class=\"elementor-element elementor-element-c6acd94 elementor-widget elementor-widget-heading\" data-id=\"c6acd94\" data-element_type=\"widget\" data-widget_type=\"heading.default\">\n\t\t\t\t<div class=\"elementor-widget-container\">\n\t\t\t<h2 class=\"elementor-heading-title elementor-size-default\">Personalizaci\u00f3n de Productos<\/h2>\t\t<\/div>\n\t\t\t\t<\/div>\n\t\t\t\t\t<\/div>\n\t\t\t\t<\/div>\n\t\t<div class=\"elementor-element elementor-element-d401bb2 e-flex e-con-boxed e-con e-child\" data-id=\"d401bb2\" data-element_type=\"container\">\n\t\t\t\t\t<div class=\"e-con-inner\">\n\t\t\t\t<div class=\"elementor-element elementor-element-64131bc elementor-widget elementor-widget-image\" data-id=\"64131bc\" data-element_type=\"widget\" data-widget_type=\"image.default\">\n\t\t\t\t<div class=\"elementor-widget-container\">\n\t\t\t\t\t\t\t\t\t\t\t\t\t\t<a href=\"#asesoria\">\n\t\t\t\t\t\t\t<img decoding=\"async\" width=\"450\" height=\"305\" src=\"https:\/\/www.casatequileraalmademexico.com\/wp-content\/uploads\/2024\/05\/Servicios_03.webp\" class=\"elementor-animation-float attachment-large size-large wp-image-345\" alt=\"\" srcset=\"https:\/\/www.casatequileraalmademexico.com\/wp-content\/uploads\/2024\/05\/Servicios_03.webp 450w, https:\/\/www.casatequileraalmademexico.com\/wp-content\/uploads\/2024\/05\/Servicios_03-300x203.webp 300w\" sizes=\"(max-width: 450px) 100vw, 450px\" \/>\t\t\t\t\t\t\t\t<\/a>\n\t\t\t\t\t\t\t\t\t\t\t\t\t<\/div>\n\t\t\t\t<\/div>\n\t\t\t\t<div class=\"elementor-element elementor-element-a7cbf2f elementor-widget elementor-widget-heading\" data-id=\"a7cbf2f\" data-element_type=\"widget\" data-widget_type=\"heading.default\">\n\t\t\t\t<div class=\"elementor-widget-container\">\n\t\t\t<h2 class=\"elementor-heading-title elementor-size-default\">Asesor\u00eda y Desarrollo de Marca<\/h2>\t\t<\/div>\n\t\t\t\t<\/div>\n\t\t\t\t\t<\/div>\n\t\t\t\t<\/div>\n\t\t\t\t\t<\/div>\n\t\t\t\t<\/div>\n\t\t<div class=\"elementor-element elementor-element-42e2abb e-flex e-con-boxed e-con e-parent\" data-id=\"42e2abb\" data-element_type=\"container\" id=\"maquila\" data-settings=\"{&quot;background_background&quot;:&quot;classic&quot;}\">\n\t\t\t\t\t<div class=\"e-con-inner\">\n\t\t<div class=\"elementor-element elementor-element-b0c09f5 e-con-full e-flex elementor-invisible e-con e-child\" data-id=\"b0c09f5\" data-element_type=\"container\" data-settings=\"{&quot;animation&quot;:&quot;fadeInUp&quot;}\">\n\t\t\t\t<div class=\"elementor-element elementor-element-5dfc4c9 elementor-widget elementor-widget-image\" data-id=\"5dfc4c9\" data-element_type=\"widget\" data-widget_type=\"image.default\">\n\t\t\t\t<div class=\"elementor-widget-container\">\n\t\t\t\t\t\t\t\t\t\t\t\t\t<img loading=\"lazy\" decoding=\"async\" width=\"153\" height=\"8\" src=\"https:\/\/www.casatequileraalmademexico.com\/wp-content\/uploads\/2024\/06\/Lazo_sin-fondo.webp\" class=\"attachment-large size-large wp-image-413\" alt=\"\" srcset=\"https:\/\/www.casatequileraalmademexico.com\/wp-content\/uploads\/2024\/06\/Lazo_sin-fondo.webp 153w, https:\/\/www.casatequileraalmademexico.com\/wp-content\/uploads\/2024\/06\/Lazo_sin-fondo-150x8.webp 150w\" sizes=\"(max-width: 153px) 100vw, 153px\" \/>\t\t\t\t\t\t\t\t\t\t\t\t\t<\/div>\n\t\t\t\t<\/div>\n\t\t\t\t<div class=\"elementor-element elementor-element-9811869 elementor-widget elementor-widget-heading\" data-id=\"9811869\" data-element_type=\"widget\" data-widget_type=\"heading.default\">\n\t\t\t\t<div class=\"elementor-widget-container\">\n\t\t\t<h2 class=\"elementor-heading-title elementor-size-default\">Maquila de Tequila<\/h2>\t\t<\/div>\n\t\t\t\t<\/div>\n\t\t\t\t<div class=\"elementor-element elementor-element-ae8ef47 elementor-widget elementor-widget-text-editor\" data-id=\"ae8ef47\" data-element_type=\"widget\" data-widget_type=\"text-editor.default\">\n\t\t\t\t<div class=\"elementor-widget-container\">\n\t\t\t\t\t\t\t<p>Ofrecemos servicios completos de maquila, desde la selecci\u00f3n del agave hasta el embotellado y etiquetado de productos de tequila, adapt\u00e1ndonos a las necesidades espec\u00edficas de cada cliente.<\/p>\t\t\t\t\t\t<\/div>\n\t\t\t\t<\/div>\n\t\t\t\t<\/div>\n\t\t<div class=\"elementor-element elementor-element-384f1f9 e-con-full e-flex e-con e-child\" data-id=\"384f1f9\" data-element_type=\"container\">\n\t\t\t\t<div class=\"elementor-element elementor-element-6ad856f elementor-invisible elementor-widget elementor-widget-image\" data-id=\"6ad856f\" data-element_type=\"widget\" data-settings=\"{&quot;_animation&quot;:&quot;fadeIn&quot;}\" data-widget_type=\"image.default\">\n\t\t\t\t<div class=\"elementor-widget-container\">\n\t\t\t\t\t\t\t\t\t\t\t\t\t<img loading=\"lazy\" decoding=\"async\" width=\"800\" height=\"450\" src=\"https:\/\/www.casatequileraalmademexico.com\/wp-content\/uploads\/2024\/06\/Fondo-servicios_01_500px.webp\" class=\"elementor-animation-float attachment-large size-large wp-image-381\" alt=\"\" srcset=\"https:\/\/www.casatequileraalmademexico.com\/wp-content\/uploads\/2024\/06\/Fondo-servicios_01_500px.webp 889w, https:\/\/www.casatequileraalmademexico.com\/wp-content\/uploads\/2024\/06\/Fondo-servicios_01_500px-300x169.webp 300w, https:\/\/www.casatequileraalmademexico.com\/wp-content\/uploads\/2024\/06\/Fondo-servicios_01_500px-768x432.webp 768w\" sizes=\"(max-width: 800px) 100vw, 800px\" \/>\t\t\t\t\t\t\t\t\t\t\t\t\t<\/div>\n\t\t\t\t<\/div>\n\t\t\t\t<\/div>\n\t\t\t\t\t<\/div>\n\t\t\t\t<\/div>\n\t\t<div class=\"elementor-element elementor-element-163f6e2 e-flex e-con-boxed e-con e-parent\" data-id=\"163f6e2\" data-element_type=\"container\" id=\"productos\">\n\t\t\t\t\t<div class=\"e-con-inner\">\n\t\t<div class=\"elementor-element elementor-element-5712663 e-con-full e-flex e-con e-child\" data-id=\"5712663\" data-element_type=\"container\">\n\t\t\t\t<div class=\"elementor-element elementor-element-03d4c0b elementor-invisible elementor-widget elementor-widget-image\" data-id=\"03d4c0b\" data-element_type=\"widget\" data-settings=\"{&quot;_animation&quot;:&quot;fadeIn&quot;}\" data-widget_type=\"image.default\">\n\t\t\t\t<div class=\"elementor-widget-container\">\n\t\t\t\t\t\t\t\t\t\t\t\t\t<img loading=\"lazy\" decoding=\"async\" width=\"450\" height=\"305\" src=\"https:\/\/www.casatequileraalmademexico.com\/wp-content\/uploads\/2024\/05\/Servicios_02.webp\" class=\"elementor-animation-float attachment-2048x2048 size-2048x2048 wp-image-344\" alt=\"\" srcset=\"https:\/\/www.casatequileraalmademexico.com\/wp-content\/uploads\/2024\/05\/Servicios_02.webp 450w, https:\/\/www.casatequileraalmademexico.com\/wp-content\/uploads\/2024\/05\/Servicios_02-300x203.webp 300w\" sizes=\"(max-width: 450px) 100vw, 450px\" \/>\t\t\t\t\t\t\t\t\t\t\t\t\t<\/div>\n\t\t\t\t<\/div>\n\t\t\t\t<\/div>\n\t\t<div class=\"elementor-element elementor-element-69fe046 e-con-full e-flex elementor-invisible e-con e-child\" data-id=\"69fe046\" data-element_type=\"container\" data-settings=\"{&quot;animation&quot;:&quot;fadeInUp&quot;}\">\n\t\t\t\t<div class=\"elementor-element elementor-element-090cdb6 elementor-widget elementor-widget-image\" data-id=\"090cdb6\" data-element_type=\"widget\" data-widget_type=\"image.default\">\n\t\t\t\t<div class=\"elementor-widget-container\">\n\t\t\t\t\t\t\t\t\t\t\t\t\t<img loading=\"lazy\" decoding=\"async\" width=\"153\" height=\"8\" src=\"https:\/\/www.casatequileraalmademexico.com\/wp-content\/uploads\/2024\/06\/Lazo_sin-fondo.webp\" class=\"attachment-large size-large wp-image-413\" alt=\"\" srcset=\"https:\/\/www.casatequileraalmademexico.com\/wp-content\/uploads\/2024\/06\/Lazo_sin-fondo.webp 153w, https:\/\/www.casatequileraalmademexico.com\/wp-content\/uploads\/2024\/06\/Lazo_sin-fondo-150x8.webp 150w\" sizes=\"(max-width: 153px) 100vw, 153px\" \/>\t\t\t\t\t\t\t\t\t\t\t\t\t<\/div>\n\t\t\t\t<\/div>\n\t\t\t\t<div class=\"elementor-element elementor-element-44f0787 elementor-widget elementor-widget-heading\" data-id=\"44f0787\" data-element_type=\"widget\" data-widget_type=\"heading.default\">\n\t\t\t\t<div class=\"elementor-widget-container\">\n\t\t\t<h2 class=\"elementor-heading-title elementor-size-default\">Personalizaci\u00f3n de Productos<\/h2>\t\t<\/div>\n\t\t\t\t<\/div>\n\t\t\t\t<div class=\"elementor-element elementor-element-081b6c4 elementor-widget elementor-widget-text-editor\" data-id=\"081b6c4\" data-element_type=\"widget\" data-widget_type=\"text-editor.default\">\n\t\t\t\t<div class=\"elementor-widget-container\">\n\t\t\t\t\t\t\t<p>Trabajamos mano a mano con nuestros clientes para desarrollar productos \u00fanicos que reflejen su marca y visi\u00f3n.<\/p>\t\t\t\t\t\t<\/div>\n\t\t\t\t<\/div>\n\t\t\t\t<\/div>\n\t\t\t\t\t<\/div>\n\t\t\t\t<\/div>\n\t\t<div class=\"elementor-element elementor-element-ce030ee e-flex e-con-boxed e-con e-parent\" data-id=\"ce030ee\" data-element_type=\"container\" id=\"asesoria\" data-settings=\"{&quot;background_background&quot;:&quot;classic&quot;}\">\n\t\t\t\t\t<div class=\"e-con-inner\">\n\t\t<div class=\"elementor-element elementor-element-6092cf7 e-con-full e-flex elementor-invisible e-con e-child\" data-id=\"6092cf7\" data-element_type=\"container\" data-settings=\"{&quot;animation&quot;:&quot;fadeInUp&quot;}\">\n\t\t\t\t<div class=\"elementor-element elementor-element-0c568ec elementor-widget elementor-widget-image\" data-id=\"0c568ec\" data-element_type=\"widget\" data-widget_type=\"image.default\">\n\t\t\t\t<div class=\"elementor-widget-container\">\n\t\t\t\t\t\t\t\t\t\t\t\t\t<img loading=\"lazy\" decoding=\"async\" width=\"153\" height=\"8\" src=\"https:\/\/www.casatequileraalmademexico.com\/wp-content\/uploads\/2024\/06\/Lazo_sin-fondo.webp\" class=\"attachment-large size-large wp-image-413\" alt=\"\" srcset=\"https:\/\/www.casatequileraalmademexico.com\/wp-content\/uploads\/2024\/06\/Lazo_sin-fondo.webp 153w, https:\/\/www.casatequileraalmademexico.com\/wp-content\/uploads\/2024\/06\/Lazo_sin-fondo-150x8.webp 150w\" sizes=\"(max-width: 153px) 100vw, 153px\" \/>\t\t\t\t\t\t\t\t\t\t\t\t\t<\/div>\n\t\t\t\t<\/div>\n\t\t\t\t<div class=\"elementor-element elementor-element-7728dfb elementor-widget elementor-widget-heading\" data-id=\"7728dfb\" data-element_type=\"widget\" data-widget_type=\"heading.default\">\n\t\t\t\t<div class=\"elementor-widget-container\">\n\t\t\t<h2 class=\"elementor-heading-title elementor-size-default\">Asesor\u00eda y Desarrollo de Marca<\/h2>\t\t<\/div>\n\t\t\t\t<\/div>\n\t\t\t\t<div class=\"elementor-element elementor-element-406d0ca elementor-widget elementor-widget-text-editor\" data-id=\"406d0ca\" data-element_type=\"widget\" data-widget_type=\"text-editor.default\">\n\t\t\t\t<div class=\"elementor-widget-container\">\n\t\t\t\t\t\t\t<p>Proporcionamos soporte en marketing y dise\u00f1o de producto, ayudando a nuestras marcas asociadas a destacar en el mercado global.<\/p>\t\t\t\t\t\t<\/div>\n\t\t\t\t<\/div>\n\t\t\t\t<\/div>\n\t\t<div class=\"elementor-element elementor-element-01659c6 e-con-full e-flex e-con e-child\" data-id=\"01659c6\" data-element_type=\"container\">\n\t\t\t\t<div class=\"elementor-element elementor-element-e932d15 elementor-invisible elementor-widget elementor-widget-image\" data-id=\"e932d15\" data-element_type=\"widget\" data-settings=\"{&quot;_animation&quot;:&quot;fadeIn&quot;}\" data-widget_type=\"image.default\">\n\t\t\t\t<div class=\"elementor-widget-container\">\n\t\t\t\t\t\t\t\t\t\t\t\t\t<img loading=\"lazy\" decoding=\"async\" width=\"800\" height=\"450\" src=\"https:\/\/www.casatequileraalmademexico.com\/wp-content\/uploads\/2024\/06\/Fondo-servicios_03_500px.webp\" class=\"elementor-animation-float attachment-large size-large wp-image-417\" alt=\"\" srcset=\"https:\/\/www.casatequileraalmademexico.com\/wp-content\/uploads\/2024\/06\/Fondo-servicios_03_500px.webp 889w, https:\/\/www.casatequileraalmademexico.com\/wp-content\/uploads\/2024\/06\/Fondo-servicios_03_500px-300x169.webp 300w, https:\/\/www.casatequileraalmademexico.com\/wp-content\/uploads\/2024\/06\/Fondo-servicios_03_500px-768x432.webp 768w\" sizes=\"(max-width: 800px) 100vw, 800px\" \/>\t\t\t\t\t\t\t\t\t\t\t\t\t<\/div>\n\t\t\t\t<\/div>\n\t\t\t\t<\/div>\n\t\t\t\t\t<\/div>\n\t\t\t\t<\/div>\n\t\t\t\t<\/div>\n\t\t","protected":false},"excerpt":{"rendered":"<p>En Casa Tequilera Alma de M\u00e9xico, combinamos tradici\u00f3n y modernidad para ofrecer productos que cumplen con los m\u00e1s altos est\u00e1ndares de calidad y sostenibilidad. Maquila de Tequila Personalizaci\u00f3n de Productos Asesor\u00eda y Desarrollo de Marca Maquila de Tequila Ofrecemos servicios completos de maquila, desde la selecci\u00f3n del agave hasta el embotellado y etiquetado de productos [&hellip;]<\/p>\n","protected":false},"author":1,"featured_media":343,"parent":0,"menu_order":0,"comment_status":"closed","ping_status":"closed","template":"elementor_header_footer","meta":{"footnotes":""},"class_list":["post-71","page","type-page","status-publish","has-post-thumbnail","hentry"],"_links":{"self":[{"href":"https:\/\/www.casatequileraalmademexico.com\/index.php?rest_route=\/wp\/v2\/pages\/71","targetHints":{"allow":["GET"]}}],"collection":[{"href":"https:\/\/www.casatequileraalmademexico.com\/index.php?rest_route=\/wp\/v2\/pages"}],"about":[{"href":"https:\/\/www.casatequileraalmademexico.com\/index.php?rest_route=\/wp\/v2\/types\/page"}],"author":[{"embeddable":true,"href":"https:\/\/www.casatequileraalmademexico.com\/index.php?rest_route=\/wp\/v2\/users\/1"}],"replies":[{"embeddable":true,"href":"https:\/\/www.casatequileraalmademexico.com\/index.php?rest_route=%2Fwp%2Fv2%2Fcomments&post=71"}],"version-history":[{"count":116,"href":"https:\/\/www.casatequileraalmademexico.com\/index.php?rest_route=\/wp\/v2\/pages\/71\/revisions"}],"predecessor-version":[{"id":1056,"href":"https:\/\/www.casatequileraalmademexico.com\/index.php?rest_route=\/wp\/v2\/pages\/71\/revisions\/1056"}],"wp:featuredmedia":[{"embeddable":true,"href":"https:\/\/www.casatequileraalmademexico.com\/index.php?rest_route=\/wp\/v2\/media\/343"}],"wp:attachment":[{"href":"https:\/\/www.casatequileraalmademexico.com\/index.php?rest_route=%2Fwp%2Fv2%2Fmedia&parent=71"}],"curies":[{"name":"wp","href":"https:\/\/api.w.org\/{rel}","templated":true}]}}